{"id":3,"date":"2019-02-20T17:40:31","date_gmt":"2019-02-20T20:40:31","guid":{"rendered":"http:\/\/200.129.139.157\/pop-ro.rnp.br\/?page_id=3"},"modified":"2019-03-22T12:37:19","modified_gmt":"2019-03-22T15:37:19","slug":"equipe","status":"publish","type":"page","link":"https:\/\/www.pop-ro.rnp.br\/?page_id=3","title":{"rendered":"Redecomep"},"content":{"rendered":"\n<ul class=\"wp-block-gallery aligncenter columns-1 is-cropped wp-block-gallery-1 is-layout-flex wp-block-gallery-is-layout-flex\"><li class=\"blocks-gallery-item\"><figure><img loading=\"lazy\" decoding=\"async\" width=\"1024\" height=\"1018\" src=\"http:\/\/200.129.139.157\/wp-content\/uploads\/2019\/03\/mapa_redecomep_20dez16-1024x1018.png\" alt=\"\" data-id=\"277\" data-link=\"http:\/\/200.129.139.157\/index.php\/pagina-exemplo\/equipe\/mapa_redecomep_20dez16\/\" class=\"wp-image-277\" srcset=\"https:\/\/www.pop-ro.rnp.br\/wp-content\/uploads\/2019\/03\/mapa_redecomep_20dez16-1024x1018.png 1024w, https:\/\/www.pop-ro.rnp.br\/wp-content\/uploads\/2019\/03\/mapa_redecomep_20dez16-150x150.png 150w, https:\/\/www.pop-ro.rnp.br\/wp-content\/uploads\/2019\/03\/mapa_redecomep_20dez16-300x298.png 300w, https:\/\/www.pop-ro.rnp.br\/wp-content\/uploads\/2019\/03\/mapa_redecomep_20dez16-768x763.png 768w\" sizes=\"(max-width: 1024px) 100vw, 1024px\" \/><\/figure><\/li><\/ul>\n\n\n\n<p>O Programa Redecomep &#8211; Redes Comunit\u00e1rias de Educa\u00e7\u00e3o e Pesquisa &#8211; \u00e9 respons\u00e1vel pela implanta\u00e7\u00e3o de redes de alta velocidade nas regi\u00f5es metropolitanas do pa\u00eds servidas por Pontos de Presen\u00e7a (PoPs) da organiza\u00e7\u00e3o, e em cidades do interior com duas ou mais institui\u00e7\u00f5es federais de ensino e pesquisa.<\/p>\n\n\n\n<p>O modelo adotado prev\u00ea a forma\u00e7\u00e3o de cons\u00f3rcios entre as organiza\u00e7\u00f5es participantes, de forma a assegurar sua autossustenta\u00e7\u00e3o, desenvolvendo uma infraestrutura de fibra \u00f3ptica pr\u00f3pria para pesquisa e educa\u00e7\u00e3o superior.<\/p>\n\n\n\n<p>Em Porto Velho, a rede \u00e9 chamada de Rede Porto e contempla os seguintes parceiros:<\/p>\n\n\n\n<p>HB &#8211; Hospital de Base Dr Ary Pinheiro <a href=\"http:\/\/www.rondonia.ro.gov.br\/sesau\/\">http:\/\/www.rondonia.ro.gov.br\/sesau\/<\/a><\/p>\n\n\n\n<p><\/p>\n\n\n\n<p>CEMETRON &#8211; <a href=\"http:\/\/www.rondonia.ro.gov.br\/\">http:\/\/www.rondonia.ro.gov.br\/<\/a><\/p>\n\n\n\n<p><\/p>\n\n\n\n<p>UNIR CENTRO &#8211; <a rel=\"noreferrer noopener\" aria-label=\"https:\/\/www.unir.br (abre numa nova aba)\" href=\"https:\/\/www.unir.br\" target=\"_blank\">https:\/\/www.unir.br<\/a><\/p>\n\n\n\n<p><\/p>\n\n\n\n<p>IFRO Zona Norte &#8211; <a href=\"https:\/\/portal.ifro.edu.br\/zona-norte\">https:\/\/portal.ifro.edu.br\/zona-norte<\/a><\/p>\n\n\n\n<p><\/p>\n\n\n\n<p>IFRO Calama &#8211; <a href=\"https:\/\/portal.ifro.edu.br\/calama\">https:\/\/portal.ifro.edu.br\/calama<\/a><\/p>\n\n\n\n<p><\/p>\n\n\n\n<p>EMBRAPA RO &#8211; <a href=\"https:\/\/www.embrapa.br\/rondonia\">https:\/\/www.embrapa.br\/rondonia<\/a><\/p>\n\n\n\n<p><\/p>\n\n\n\n<p>FRIOCRUZ RO &#8211; <a href=\"https:\/\/www.rondonia.fiocruz.br\/\">https:\/\/www.rondonia.fiocruz.br\/<\/a><\/p>\n\n\n\n<p><\/p>\n\n\n\n<p>CENSIPAM RO &#8211; <a href=\"http:\/\/www.sipam.gov.br\/\">http:\/\/www.sipam.gov.br\/<\/a><\/p>\n\n\n\n<p><\/p>\n\n\n\n<p>CPRM RO &#8211;  <a href=\"http:\/\/www.cprm.gov.br\/publique\/Geologia\/Geologia-Basica\/Estado-de-Rondonia-397.html\">http:\/\/www.cprm.gov.br\/publique\/Geologia\/Geologia-Basica\/Estado-de-Rondonia-397.html<\/a><\/p>\n","protected":false},"excerpt":{"rendered":"<p>O Programa Redecomep &#8211; Redes Comunit\u00e1rias de Educa\u00e7\u00e3o e Pesquisa &#8211; \u00e9 respons\u00e1vel pela implanta\u00e7\u00e3o de redes de alta velocidade nas regi\u00f5es metropolitanas do pa\u00eds servidas por Pontos de Presen\u00e7a (PoPs) da organiza\u00e7\u00e3o, e em cidades do interior com duas ou mais institui\u00e7\u00f5es federais de ensino e pesquisa. O modelo adotado prev\u00ea a forma\u00e7\u00e3o de<a href=\"https:\/\/www.pop-ro.rnp.br\/?page_id=3\">[&#8230;]<\/a><\/p>\n","protected":false},"author":1,"featured_media":0,"parent":2,"menu_order":1,"comment_status":"closed","ping_status":"closed","template":"","meta":{"footnotes":""},"_links":{"self":[{"href":"https:\/\/www.pop-ro.rnp.br\/index.php?rest_route=\/wp\/v2\/pages\/3"}],"collection":[{"href":"https:\/\/www.pop-ro.rnp.br\/index.php?rest_route=\/wp\/v2\/pages"}],"about":[{"href":"https:\/\/www.pop-ro.rnp.br\/index.php?rest_route=\/wp\/v2\/types\/page"}],"author":[{"embeddable":true,"href":"https:\/\/www.pop-ro.rnp.br\/index.php?rest_route=\/wp\/v2\/users\/1"}],"replies":[{"embeddable":true,"href":"https:\/\/www.pop-ro.rnp.br\/index.php?rest_route=%2Fwp%2Fv2%2Fcomments&post=3"}],"version-history":[{"count":8,"href":"https:\/\/www.pop-ro.rnp.br\/index.php?rest_route=\/wp\/v2\/pages\/3\/revisions"}],"predecessor-version":[{"id":278,"href":"https:\/\/www.pop-ro.rnp.br\/index.php?rest_route=\/wp\/v2\/pages\/3\/revisions\/278"}],"up":[{"embeddable":true,"href":"https:\/\/www.pop-ro.rnp.br\/index.php?rest_route=\/wp\/v2\/pages\/2"}],"wp:attachment":[{"href":"https:\/\/www.pop-ro.rnp.br\/index.php?rest_route=%2Fwp%2Fv2%2Fmedia&parent=3"}],"curies":[{"name":"wp","href":"https:\/\/api.w.org\/{rel}","templated":true}]}}