{"id":23,"date":"2019-02-26T16:31:23","date_gmt":"2019-02-26T19:31:23","guid":{"rendered":"http:\/\/200.129.139.157\/?page_id=23"},"modified":"2019-03-19T10:24:03","modified_gmt":"2019-03-19T13:24:03","slug":"sobre-o-pop-ro","status":"publish","type":"page","link":"https:\/\/www.pop-ro.rnp.br\/?page_id=23","title":{"rendered":"Sobre o PoP-RO"},"content":{"rendered":"\n<p>O\u00a0<strong>PoP-RO<\/strong>\u00a0\u00e9 o Ponto de Presen\u00e7a da\u00a0<a rel=\"noreferrer noopener\" href=\"http:\/\/www.rnp.br\/ipe\/\" target=\"_blank\">Rede Nacional de Ensino e Pesquisa (RNP)<\/a> no Estado de Rond\u00f4nia. Est\u00e1 localizado em Porto Velho na Universidade Federal de Rond\u00f4nia (UNIR) na Diretoria de Tecnologia da Informa\u00e7\u00e3o (DTI).<\/p>\n\n\n\n<p>O PoP-RO, disponibiliza um servi\u00e7o de backbone de\u00a0<strong>3 Gb\/s <\/strong>para atender \u00e0s necessidades operacionais da rede e a demanda de informa\u00e7\u00f5es aos clientes de todo Estado. Tem como fun\u00e7\u00e3o b\u00e1sica manuten\u00e7\u00e3o, coordena\u00e7\u00e3o e opera\u00e7\u00e3o dos servi\u00e7os de Internet em Rond\u00f4nia, logo, priorizando a conex\u00e3o das institui\u00e7\u00f5es educacionais, cient\u00edficas e sociais.<\/p>\n\n\n\n<p>A RNP opera um servi\u00e7o de backbone de\u00a0<strong>10 Gbps<\/strong> para atender \u00e0 comunidade acad\u00eamica e de pesquisa, chamada <a rel=\"noreferrer noopener\" href=\"http:\/\/www.rnp.br\/conexao\/\" target=\"_blank\">Rede Ip\u00ea<\/a>, que oferece acesso \u00e0 Internet atrav\u00e9s dos seus Pontos de Presen\u00e7a (PoPs) regionais, que est\u00e3o distribu\u00eddos nos 27 Estados da Federa\u00e7\u00e3o, sendo financiada pelos Minist\u00e9rios da Ci\u00eancia e Tecnologia e da Educa\u00e7\u00e3o.<\/p>\n","protected":false},"excerpt":{"rendered":"<p>O\u00a0PoP-RO\u00a0\u00e9 o Ponto de Presen\u00e7a da\u00a0Rede Nacional de Ensino e Pesquisa (RNP) no Estado de Rond\u00f4nia. Est\u00e1 localizado em Porto Velho na Universidade Federal de Rond\u00f4nia (UNIR) na Diretoria de Tecnologia da Informa\u00e7\u00e3o (DTI). O PoP-RO, disponibiliza um servi\u00e7o de backbone de\u00a03 Gb\/s para atender \u00e0s necessidades operacionais da rede e a demanda de informa\u00e7\u00f5es<a href=\"https:\/\/www.pop-ro.rnp.br\/?page_id=23\">[&#8230;]<\/a><\/p>\n","protected":false},"author":1,"featured_media":0,"parent":2,"menu_order":0,"comment_status":"closed","ping_status":"closed","template":"","meta":{"footnotes":""},"_links":{"self":[{"href":"https:\/\/www.pop-ro.rnp.br\/index.php?rest_route=\/wp\/v2\/pages\/23"}],"collection":[{"href":"https:\/\/www.pop-ro.rnp.br\/index.php?rest_route=\/wp\/v2\/pages"}],"about":[{"href":"https:\/\/www.pop-ro.rnp.br\/index.php?rest_route=\/wp\/v2\/types\/page"}],"author":[{"embeddable":true,"href":"https:\/\/www.pop-ro.rnp.br\/index.php?rest_route=\/wp\/v2\/users\/1"}],"replies":[{"embeddable":true,"href":"https:\/\/www.pop-ro.rnp.br\/index.php?rest_route=%2Fwp%2Fv2%2Fcomments&post=23"}],"version-history":[{"count":4,"href":"https:\/\/www.pop-ro.rnp.br\/index.php?rest_route=\/wp\/v2\/pages\/23\/revisions"}],"predecessor-version":[{"id":168,"href":"https:\/\/www.pop-ro.rnp.br\/index.php?rest_route=\/wp\/v2\/pages\/23\/revisions\/168"}],"up":[{"embeddable":true,"href":"https:\/\/www.pop-ro.rnp.br\/index.php?rest_route=\/wp\/v2\/pages\/2"}],"wp:attachment":[{"href":"https:\/\/www.pop-ro.rnp.br\/index.php?rest_route=%2Fwp%2Fv2%2Fmedia&parent=23"}],"curies":[{"name":"wp","href":"https:\/\/api.w.org\/{rel}","templated":true}]}}