{"id":21,"date":"2019-02-26T16:25:20","date_gmt":"2019-02-26T19:25:20","guid":{"rendered":"http:\/\/200.129.139.157\/?page_id=21"},"modified":"2019-03-22T12:05:04","modified_gmt":"2019-03-22T15:05:04","slug":"servicos","status":"publish","type":"page","link":"https:\/\/www.pop-ro.rnp.br\/?page_id=21","title":{"rendered":"Servi\u00e7os"},"content":{"rendered":"\n<p><\/p>\n\n\n\n<div class=\"wp-block-image\"><figure class=\"alignleft is-resized\"><img loading=\"lazy\" decoding=\"async\" src=\"http:\/\/200.129.139.157\/wp-content\/uploads\/2019\/03\/image.png\" alt=\"\" class=\"wp-image-259\" width=\"115\" height=\"115\" srcset=\"https:\/\/www.pop-ro.rnp.br\/wp-content\/uploads\/2019\/03\/image.png 225w, https:\/\/www.pop-ro.rnp.br\/wp-content\/uploads\/2019\/03\/image-150x150.png 150w\" sizes=\"(max-width: 115px) 100vw, 115px\" \/><\/figure><\/div>\n\n\n\n<p><strong>DNS SECUND\u00c1RIO <\/strong><\/p>\n\n\n\n<p style=\"text-align:left\">DNS (Domain Name Server) \u00e9 um servi\u00e7o cr\u00edtico do qual dependem muitos dos servi\u00e7os de uma institui\u00e7\u00e3o. Dado a import\u00e2ncia deste servi\u00e7o, \u00e9 fundamental em uma organiza\u00e7\u00e3o a exist\u00eancia de mais de um servidor capaz de responder consultas DNS para seu dom\u00ednio. Nesse momento surge o conceito de DNS secund\u00e1rio, um servi\u00e7o que mant\u00e9m c\u00f3pias de seguran\u00e7a sobre as informa\u00e7\u00f5es de seu dom\u00ednio e \u00e9 h\u00e1bil a responder por aquele dom\u00ednio caso seu servidor prim\u00e1rio n\u00e3o esteja dispon\u00edvel.<br><\/p>\n\n\n\n<p style=\"text-align:left\">O PoP-RO oferece o servi\u00e7o de DNS secund\u00e1rio para os nossos clientes para prover conectividade e servi\u00e7os de Internet com qualidade.<\/p>\n\n\n\n<p> Para utilizar este servi\u00e7o, entre em contato conosco atrav\u00e9s do email operacao@pop-ro.rnp.br <\/p>\n\n\n\n<p><\/p>\n\n\n\n<div class=\"wp-block-image\"><figure class=\"alignleft is-resized\"><img loading=\"lazy\" decoding=\"async\" src=\"http:\/\/200.129.139.157\/wp-content\/uploads\/2019\/03\/image-1.png\" alt=\"\" class=\"wp-image-260\" width=\"115\" height=\"115\" srcset=\"https:\/\/www.pop-ro.rnp.br\/wp-content\/uploads\/2019\/03\/image-1.png 225w, https:\/\/www.pop-ro.rnp.br\/wp-content\/uploads\/2019\/03\/image-1-150x150.png 150w\" sizes=\"(max-width: 115px) 100vw, 115px\" \/><\/figure><\/div>\n\n\n\n<p><strong>IPv6<\/strong><\/p>\n\n\n\n<p>\n\nO IPv6 \u00e9 um padr\u00e3o de endere\u00e7amento que oferece um maior n\u00famero de endere\u00e7os IP e permite que mais dispositivos estejam conectados \u00e0 internet. Diante do esgotamento de endere\u00e7os IPv4 e do Plano de Dissemina\u00e7\u00e3o do Uso IPv6, do Minist\u00e9rio do Planejamento, que recomenda a ado\u00e7\u00e3o do novo protocolo at\u00e9 setembro de 2018, a Rede Nacional de Ensino e Pesquisa (RNP) lan\u00e7ou um projeto de aloca\u00e7\u00e3o de IPv6, que configura as redes de acesso das institui\u00e7\u00f5es usu\u00e1rias atendidas pela rede acad\u00eamica, ou seja, universidades, institutos federais e demais institutos de pesquisa do pa\u00eds.\n\n<\/p>\n\n\n\n<p>O PoP-RO oferece este servi\u00e7o para seus clientes e parceiros. Estes est\u00e3o configurados com as redes em IPv6 at\u00e9 a borda de cada equipamento.<\/p>\n\n\n\n<p>Para maiores informa\u00e7\u00f5es, entre em contato conosco atrav\u00e9s do email operacao@pop-ro.rnp.br<\/p>\n\n\n\n<p><\/p>\n\n\n\n<div class=\"wp-block-image\"><figure class=\"alignleft is-resized\"><img loading=\"lazy\" decoding=\"async\" src=\"http:\/\/200.129.139.157\/wp-content\/uploads\/2019\/03\/image-2.png\" alt=\"\" class=\"wp-image-261\" width=\"115\" height=\"115\" srcset=\"https:\/\/www.pop-ro.rnp.br\/wp-content\/uploads\/2019\/03\/image-2.png 225w, https:\/\/www.pop-ro.rnp.br\/wp-content\/uploads\/2019\/03\/image-2-150x150.png 150w\" sizes=\"(max-width: 115px) 100vw, 115px\" \/><\/figure><\/div>\n\n\n\n<p><strong>TRATAMENTO DE INCIDENTES<\/strong><\/p>\n\n\n\n<p>Os incidentes do PoP-RO e de todos os seus clientes e parceiros s\u00e3o mitigados pelo CAIS\/RNP (Centro de Atendimento a Incidentes de Seguran\u00e7a) , atrav\u00e9s da ferramenta de apoio SGIS (Sistema de Gest\u00e3o de Incidentes de Seguran\u00e7a) .<\/p>\n\n\n\n<p>Para maiores informa\u00e7\u00f5es sobre a ferramenta, acesse o link: <a href=\"https:\/\/sgis.rnp.br\/wiki\/\" target=\"_blank\" rel=\"noreferrer noopener\" aria-label=\"https:\/\/sgis.rnp.br\/wiki\/ (abre numa nova aba)\">https:\/\/sgis.rnp.br\/wiki\/<\/a><\/p>\n","protected":false},"excerpt":{"rendered":"<p>DNS SECUND\u00c1RIO DNS (Domain Name Server) \u00e9 um servi\u00e7o cr\u00edtico do qual dependem muitos dos servi\u00e7os de uma institui\u00e7\u00e3o. Dado a import\u00e2ncia deste servi\u00e7o, \u00e9 fundamental em uma organiza\u00e7\u00e3o a exist\u00eancia de mais de um servidor capaz de responder consultas DNS para seu dom\u00ednio. Nesse momento surge o conceito de DNS secund\u00e1rio, um servi\u00e7o que<a href=\"https:\/\/www.pop-ro.rnp.br\/?page_id=21\">[&#8230;]<\/a><\/p>\n","protected":false},"author":1,"featured_media":0,"parent":0,"menu_order":1,"comment_status":"closed","ping_status":"closed","template":"","meta":{"footnotes":""},"_links":{"self":[{"href":"https:\/\/www.pop-ro.rnp.br\/index.php?rest_route=\/wp\/v2\/pages\/21"}],"collection":[{"href":"https:\/\/www.pop-ro.rnp.br\/index.php?rest_route=\/wp\/v2\/pages"}],"about":[{"href":"https:\/\/www.pop-ro.rnp.br\/index.php?rest_route=\/wp\/v2\/types\/page"}],"author":[{"embeddable":true,"href":"https:\/\/www.pop-ro.rnp.br\/index.php?rest_route=\/wp\/v2\/users\/1"}],"replies":[{"embeddable":true,"href":"https:\/\/www.pop-ro.rnp.br\/index.php?rest_route=%2Fwp%2Fv2%2Fcomments&post=21"}],"version-history":[{"count":6,"href":"https:\/\/www.pop-ro.rnp.br\/index.php?rest_route=\/wp\/v2\/pages\/21\/revisions"}],"predecessor-version":[{"id":263,"href":"https:\/\/www.pop-ro.rnp.br\/index.php?rest_route=\/wp\/v2\/pages\/21\/revisions\/263"}],"wp:attachment":[{"href":"https:\/\/www.pop-ro.rnp.br\/index.php?rest_route=%2Fwp%2Fv2%2Fmedia&parent=21"}],"curies":[{"name":"wp","href":"https:\/\/api.w.org\/{rel}","templated":true}]}}